{"id":24,"date":"2024-04-09T17:33:48","date_gmt":"2024-04-09T20:33:48","guid":{"rendered":"https:\/\/www.constructoraibs.cl\/?page_id=24"},"modified":"2024-05-20T22:34:45","modified_gmt":"2024-05-21T01:34:45","slug":"quienes-somos","status":"publish","type":"page","link":"https:\/\/www.constructoraibs.cl\/?page_id=24","title":{"rendered":""},"content":{"rendered":"\n<div class=\"wp-block-group has-global-padding is-layout-constrained wp-block-group-is-layout-constrained\">\n<p class=\"has-text-align-left has-accent-color has-text-color has-link-color wp-elements-13ab3b61bd56d2d4b982cf301ee7575e\">Luego de 25 a\u00f1os de trabajo en el rubro de la construcci\u00f3n en Santiago y otras ciudades, Iv\u00e1n Bruna Silva y su familia deciden emprender un viaje hacia Villarrica con el objetivo de buscar oportunidades y contribuir con el desarrollo de la ciudad. Es as\u00ed como nace, hace un par de a\u00f1os atr\u00e1s, la constructora IBS (iniciales de Iv\u00e1n Bruna Silva).<\/p>\n\n\n\n<p class=\"has-accent-color has-text-color has-link-color wp-elements-3ffcaa14211a3eed77d56ba51b7677df\">La base de la empresa, aseguran algunos clientes, son el profesionalismo y la confianza que transmite Iv\u00e1n y todo el equipo de trabajadores y trabajadoras, adjudic\u00e1ndose importantes proyectos en el condominio de La Puntilla de Villarrica y otros en el sector Los pablos de Temuco.<\/p>\n\n\n\n<p class=\"has-accent-color has-text-color has-link-color wp-elements-3517f9a0acb6506d09fb4549e637ac41\">Actualmente, la constructora IBS con oficinas de trabajo en Villarrica, desarrolla proyectos como la edificaci\u00f3n de casas, edificios, ampliaciones, cercos para parcelas, remodelaciones, entre otros.<\/p>\n<\/div>\n","protected":false},"excerpt":{"rendered":"<p>Luego de 25 a\u00f1os de trabajo en el rubro de la construcci\u00f3n en Santiago y otras ciudades, Iv\u00e1n Bruna Silva y su familia deciden emprender un viaje hacia Villarrica con el objetivo de buscar oportunidades y contribuir con el desarrollo de la ciudad. Es as\u00ed como nace, hace un par de a\u00f1os atr\u00e1s, la constructora [&hellip;]<\/p>\n","protected":false},"author":1,"featured_media":0,"parent":0,"menu_order":0,"comment_status":"closed","ping_status":"closed","template":"","meta":{"footnotes":""},"class_list":["post-24","page","type-page","status-publish","hentry"],"_links":{"self":[{"href":"https:\/\/www.constructoraibs.cl\/index.php?rest_route=\/wp\/v2\/pages\/24","targetHints":{"allow":["GET"]}}],"collection":[{"href":"https:\/\/www.constructoraibs.cl\/index.php?rest_route=\/wp\/v2\/pages"}],"about":[{"href":"https:\/\/www.constructoraibs.cl\/index.php?rest_route=\/wp\/v2\/types\/page"}],"author":[{"embeddable":true,"href":"https:\/\/www.constructoraibs.cl\/index.php?rest_route=\/wp\/v2\/users\/1"}],"replies":[{"embeddable":true,"href":"https:\/\/www.constructoraibs.cl\/index.php?rest_route=%2Fwp%2Fv2%2Fcomments&post=24"}],"version-history":[{"count":5,"href":"https:\/\/www.constructoraibs.cl\/index.php?rest_route=\/wp\/v2\/pages\/24\/revisions"}],"predecessor-version":[{"id":167,"href":"https:\/\/www.constructoraibs.cl\/index.php?rest_route=\/wp\/v2\/pages\/24\/revisions\/167"}],"wp:attachment":[{"href":"https:\/\/www.constructoraibs.cl\/index.php?rest_route=%2Fwp%2Fv2%2Fmedia&parent=24"}],"curies":[{"name":"wp","href":"https:\/\/api.w.org\/{rel}","templated":true}]}}